{"id":117,"date":"2022-05-13T07:58:29","date_gmt":"2022-05-13T05:58:29","guid":{"rendered":"http:\/\/espb.be\/test\/?page_id=117"},"modified":"2026-03-31T10:55:30","modified_gmt":"2026-03-31T08:55:30","slug":"presentation","status":"publish","type":"page","link":"https:\/\/espb.be\/?page_id=117","title":{"rendered":"Pr\u00e9sentation"},"content":{"rendered":"\n<figure class=\"wp-block-image size-large\"><img decoding=\"async\" src=\"http:\/\/espb.be\/wp-content\/uploads\/2022\/05\/ESPB7-2.jpg\" alt=\"\"\/><\/figure>\n\n\n\n<div style=\"height:20px\" aria-hidden=\"true\" class=\"wp-block-spacer\"><\/div>\n\n\n\n<div class=\"wp-block-buttons is-content-justification-center is-layout-flex wp-container-core-buttons-is-layout-1 wp-block-buttons-is-layout-flex\"><\/div>\n\n\n\n<p><strong><mark style=\"background-color:#ffffff\" class=\"has-inline-color has-vivid-cyan-blue-color\">Toutes les informations mentionn\u00e9es sur les diff\u00e9rentes pages de ce site sont rest\u00e9es pr\u00e9sentes pour archives. En effet, l&rsquo;ESPB a cess\u00e9 toute organisation de programme de formation en ao\u00fbt 2025.<\/mark><\/strong><\/p>\n\n\n<nav style=\"color: #336699; font-size:14px;\" class=\"has-text-color is-responsive items-justified-center wp-block-navigation is-content-justification-center is-layout-flex wp-container-core-navigation-is-layout-1 wp-block-navigation-is-layout-flex\" aria-label=\"Sous-menu pr\u00e9sentation\" \n\t\t data-wp-interactive=\"core\/navigation\" data-wp-context='{\"overlayOpenedBy\":{\"click\":false,\"hover\":false,\"focus\":false},\"type\":\"overlay\",\"roleAttribute\":\"\",\"ariaLabel\":\"Menu\"}'><button aria-haspopup=\"dialog\" aria-label=\"Ouvrir le menu\" class=\"wp-block-navigation__responsive-container-open \" \n\t\t\t\tdata-wp-on--click=\"actions.openMenuOnClick\"\n\t\t\t\tdata-wp-on--keydown=\"actions.handleMenuKeydown\"\n\t\t\t><svg width=\"24\" height=\"24\" xmlns=\"http:\/\/www.w3.org\/2000\/svg\" viewBox=\"0 0 24 24\" aria-hidden=\"true\" focusable=\"false\"><rect x=\"4\" y=\"7.5\" width=\"16\" height=\"1.5\" \/><rect x=\"4\" y=\"15\" width=\"16\" height=\"1.5\" \/><\/svg><\/button>\n\t\t\t\t<div class=\"wp-block-navigation__responsive-container  \" style=\"\" id=\"modal-1\" \n\t\t\t\tdata-wp-class--has-modal-open=\"state.isMenuOpen\"\n\t\t\t\tdata-wp-class--is-menu-open=\"state.isMenuOpen\"\n\t\t\t\tdata-wp-watch=\"callbacks.initMenu\"\n\t\t\t\tdata-wp-on--keydown=\"actions.handleMenuKeydown\"\n\t\t\t\tdata-wp-on--focusout=\"actions.handleMenuFocusout\"\n\t\t\t\ttabindex=\"-1\"\n\t\t\t>\n\t\t\t\t\t<div class=\"wp-block-navigation__responsive-close\" tabindex=\"-1\">\n\t\t\t\t\t\t<div class=\"wp-block-navigation__responsive-dialog\" \n\t\t\t\tdata-wp-bind--aria-modal=\"state.ariaModal\"\n\t\t\t\tdata-wp-bind--aria-label=\"state.ariaLabel\"\n\t\t\t\tdata-wp-bind--role=\"state.roleAttribute\"\n\t\t\t>\n\t\t\t\t\t\t\t<button aria-label=\"Fermer le menu\" class=\"wp-block-navigation__responsive-container-close\" \n\t\t\t\tdata-wp-on--click=\"actions.closeMenuOnClick\"\n\t\t\t><svg xmlns=\"http:\/\/www.w3.org\/2000\/svg\" viewBox=\"0 0 24 24\" width=\"24\" height=\"24\" aria-hidden=\"true\" focusable=\"false\"><path d=\"M13 11.8l6.1-6.3-1-1-6.1 6.2-6.1-6.2-1 1 6.1 6.3-6.5 6.7 1 1 6.5-6.6 6.5 6.6 1-1z\"><\/path><\/svg><\/button>\n\t\t\t\t\t\t\t<div class=\"wp-block-navigation__responsive-container-content\" \n\t\t\t\tdata-wp-watch=\"callbacks.focusFirstElement\"\n\t\t\t id=\"modal-1-content\">\n\t\t\t\t\t\t\t\t<ul style=\"color: #336699; font-size:14px;\" class=\"wp-block-navigation__container has-text-color is-responsive items-justified-center wp-block-navigation\"><li style=\"font-size: 14px;\" class=\" wp-block-navigation-item wp-block-navigation-link\"><a class=\"wp-block-navigation-item__content\"  href=\"https:\/\/espb.be\/?page_id=117\"><span class=\"wp-block-navigation-item__label\"><strong>Pr\u00e9sentation<\/strong><\/span><\/a><\/li><li style=\"font-size: 14px;\" class=\" wp-block-navigation-item wp-block-navigation-link\"><a class=\"wp-block-navigation-item__content\"  href=\"https:\/\/espb.be\/?page_id=80\"><span class=\"wp-block-navigation-item__label\"><strong>Philosophie<\/strong><\/span><\/a><\/li><li style=\"font-size: 14px;\" class=\" wp-block-navigation-item wp-block-navigation-link\"><a class=\"wp-block-navigation-item__content\"  href=\"https:\/\/espb.be\/?page_id=119\"><span class=\"wp-block-navigation-item__label\"><strong>Programme<\/strong><\/span><\/a><\/li><li style=\"font-size: 14px;\" class=\" wp-block-navigation-item wp-block-navigation-link\"><a class=\"wp-block-navigation-item__content\"  href=\"https:\/\/espb.be\/?page_id=443\"><span class=\"wp-block-navigation-item__label\"><strong>T\u00e9moignages<\/strong><\/span><\/a><\/li><\/ul>\n\t\t\t\t\t\t\t<\/div>\n\t\t\t\t\t\t<\/div>\n\t\t\t\t\t<\/div>\n\t\t\t\t<\/div><\/nav>\n\n\n<div style=\"height:0px\" aria-hidden=\"true\" class=\"wp-block-spacer\"><\/div>\n\n\n\n<p>L\u2019<strong>ESPB<\/strong> est plac\u00e9e sous l\u2019autorit\u00e9 souveraine de l\u2019assembl\u00e9e g\u00e9n\u00e9rale.&nbsp;&nbsp;<br>Cette derni\u00e8re d\u00e9l\u00e8gue l\u2019administration \u00e0 un conseil compos\u00e9 de membres \u00e9manant des institutions suivantes :<\/p>\n\n\n\n<ul>\n<li>SeDEF : Services Dioc\u00e9sains de l\u2019Enseignement Fondamental.<\/li>\n\n\n\n<li>FeDEFOC : F\u00e9d\u00e9ration de l\u2019Enseignement Fondamental Catholique.<\/li>\n\n\n\n<li>CoDEF : Coll\u00e8ge des Directeurs de l\u2019Enseignement Fondamental.<\/li>\n\n\n\n<li>FoCEF : Formation Continu\u00e9e des Enseignants du Fondamental.<\/li>\n\n\n\n<li>Hautes \u00c9coles\u00a0: D\u00e9partements p\u00e9dagogiques des Hautes \u00c9coles L\u00e9onard de Vinci et Galil\u00e9e.<\/li>\n\n\n\n<li>ESPB : au moins trois administrateurs (direction, formateurs, \u00e9tudiants).<\/li>\n<\/ul>\n\n\n\n<p>Les structures mises en place favorisent la participation de tous les partenaires.<\/p>\n","protected":false},"excerpt":{"rendered":"<p>Toutes les informations mentionn\u00e9es sur les diff\u00e9rentes pages de ce site sont rest\u00e9es pr\u00e9sentes pour archives. En effet, l&rsquo;ESPB a cess\u00e9 toute organisation de programme de formation en ao\u00fbt 2025. &#8230;<\/p>\n","protected":false},"author":1,"featured_media":0,"parent":0,"menu_order":0,"comment_status":"closed","ping_status":"closed","template":"","meta":{"footnotes":""},"_links":{"self":[{"href":"https:\/\/espb.be\/index.php?rest_route=\/wp\/v2\/pages\/117"}],"collection":[{"href":"https:\/\/espb.be\/index.php?rest_route=\/wp\/v2\/pages"}],"about":[{"href":"https:\/\/espb.be\/index.php?rest_route=\/wp\/v2\/types\/page"}],"author":[{"embeddable":true,"href":"https:\/\/espb.be\/index.php?rest_route=\/wp\/v2\/users\/1"}],"replies":[{"embeddable":true,"href":"https:\/\/espb.be\/index.php?rest_route=%2Fwp%2Fv2%2Fcomments&post=117"}],"version-history":[{"count":19,"href":"https:\/\/espb.be\/index.php?rest_route=\/wp\/v2\/pages\/117\/revisions"}],"predecessor-version":[{"id":721,"href":"https:\/\/espb.be\/index.php?rest_route=\/wp\/v2\/pages\/117\/revisions\/721"}],"wp:attachment":[{"href":"https:\/\/espb.be\/index.php?rest_route=%2Fwp%2Fv2%2Fmedia&parent=117"}],"curies":[{"name":"wp","href":"https:\/\/api.w.org\/{rel}","templated":true}]}}