{"id":12,"date":"2022-05-12T18:59:49","date_gmt":"2022-05-12T16:59:49","guid":{"rendered":"http:\/\/espb.be\/test\/?page_id=12"},"modified":"2026-03-31T10:59:59","modified_gmt":"2026-03-31T08:59:59","slug":"accueil","status":"publish","type":"page","link":"https:\/\/espb.be\/","title":{"rendered":"Accueil"},"content":{"rendered":"\n<figure class=\"wp-block-gallery has-nested-images columns-default is-cropped wp-block-gallery-1 is-layout-flex wp-block-gallery-is-layout-flex\">\n<figure class=\"wp-block-image size-large is-style-default\"><img loading=\"lazy\" decoding=\"async\" width=\"991\" height=\"329\" data-id=\"43\" src=\"http:\/\/espb.be\/test\/wp-content\/uploads\/2022\/05\/ESPB3.jpg\" alt=\"\" class=\"wp-image-43\" srcset=\"https:\/\/espb.be\/wp-content\/uploads\/2022\/05\/ESPB3.jpg 991w, https:\/\/espb.be\/wp-content\/uploads\/2022\/05\/ESPB3-300x100.jpg 300w, https:\/\/espb.be\/wp-content\/uploads\/2022\/05\/ESPB3-768x255.jpg 768w\" sizes=\"(max-width: 991px) 100vw, 991px\" \/><\/figure>\n<\/figure>\n\n\n\n<p><strong><mark style=\"background-color:#ffffff\" class=\"has-inline-color has-vivid-cyan-blue-color\">Toutes les informations mentionn\u00e9es sur les diff\u00e9rentes pages de ce site sont rest\u00e9es pr\u00e9sentes pour archives. En effet, l&rsquo;ESPB a cess\u00e9 toute organisation de programme de formation en ao\u00fbt 2025.<\/mark><\/strong><\/p>\n\n\n\n<div style=\"height:10px\" aria-hidden=\"true\" class=\"wp-block-spacer\"><\/div>\n\n\n\n<h2 class=\"wp-block-heading\">Bienvenue \u00e0 l&rsquo;\u00c9cole Sup\u00e9rieure de P\u00e9dagogie de Bruxelles et Brabant wallon<\/h2>\n\n\n\n<div style=\"height:15px\" aria-hidden=\"true\" class=\"wp-block-spacer\"><\/div>\n\n\n\n<p><\/p>\n\n\n\n<div style=\"height:15px\" aria-hidden=\"true\" class=\"wp-block-spacer\"><\/div>\n\n\n\n<div style=\"height:25px\" aria-hidden=\"true\" class=\"wp-block-spacer\"><\/div>\n\n\n\n<div style=\"height:10px\" aria-hidden=\"true\" class=\"wp-block-spacer\"><\/div>\n\n\n\n<div style=\"height:10px\" aria-hidden=\"true\" class=\"wp-block-spacer\"><\/div>\n\n\n\n<div class=\"wp-block-columns is-layout-flex wp-container-core-columns-is-layout-1 wp-block-columns-is-layout-flex\">\n<div class=\"wp-block-column is-layout-flow wp-block-column-is-layout-flow\" style=\"flex-basis:66.66%\">\n<p class=\"has-text-align-center\">En partenariat avec<br>la Haute EPHEC (Galil\u00e9e) et la HE VINCI (ENCBW)<\/p>\n<\/div>\n\n\n\n<div class=\"wp-block-column is-layout-flow wp-block-column-is-layout-flow\" style=\"flex-basis:33.33%\">\n<p class=\"has-text-align-center\">Avec le soutien de la F\u00e9d\u00e9ration Wallonie-Bruxelles<\/p>\n<\/div>\n<\/div>\n\n\n\n<div class=\"wp-block-columns is-layout-flex wp-container-core-columns-is-layout-2 wp-block-columns-is-layout-flex\">\n<div class=\"wp-block-column is-layout-flow wp-block-column-is-layout-flow\">\n<figure class=\"wp-block-image size-full\"><img loading=\"lazy\" decoding=\"async\" width=\"1714\" height=\"1182\" src=\"https:\/\/espb.be\/wp-content\/uploads\/2024\/07\/LOGO_EPHEC_HE.png\" alt=\"\" class=\"wp-image-649\" srcset=\"https:\/\/espb.be\/wp-content\/uploads\/2024\/07\/LOGO_EPHEC_HE.png 1714w, https:\/\/espb.be\/wp-content\/uploads\/2024\/07\/LOGO_EPHEC_HE-300x207.png 300w, https:\/\/espb.be\/wp-content\/uploads\/2024\/07\/LOGO_EPHEC_HE-1024x706.png 1024w, https:\/\/espb.be\/wp-content\/uploads\/2024\/07\/LOGO_EPHEC_HE-768x530.png 768w, https:\/\/espb.be\/wp-content\/uploads\/2024\/07\/LOGO_EPHEC_HE-1536x1059.png 1536w\" sizes=\"(max-width: 1714px) 100vw, 1714px\" \/><\/figure>\n<\/div>\n\n\n\n<div class=\"wp-block-column is-layout-flow wp-block-column-is-layout-flow\">\n<figure class=\"wp-block-image size-full is-resized\"><img loading=\"lazy\" decoding=\"async\" width=\"599\" height=\"237\" src=\"https:\/\/espb.be\/wp-content\/uploads\/2022\/06\/stacks-image-2a1b47a-1.png\" alt=\"\" class=\"wp-image-549\" style=\"width:199px;height:78px\" srcset=\"https:\/\/espb.be\/wp-content\/uploads\/2022\/06\/stacks-image-2a1b47a-1.png 599w, https:\/\/espb.be\/wp-content\/uploads\/2022\/06\/stacks-image-2a1b47a-1-300x119.png 300w\" sizes=\"(max-width: 599px) 100vw, 599px\" \/><\/figure>\n<\/div>\n\n\n\n<div class=\"wp-block-column is-layout-flow wp-block-column-is-layout-flow\"><\/div>\n\n\n\n<div class=\"wp-block-column is-layout-flow wp-block-column-is-layout-flow\">\n<figure class=\"wp-block-image size-full is-resized\"><img loading=\"lazy\" decoding=\"async\" width=\"736\" height=\"799\" src=\"https:\/\/espb.be\/wp-content\/uploads\/2022\/06\/Logo-federation-wallonie-bruxelles-1.png\" alt=\"\" class=\"wp-image-550\" style=\"width:97px;height:105px\" srcset=\"https:\/\/espb.be\/wp-content\/uploads\/2022\/06\/Logo-federation-wallonie-bruxelles-1.png 736w, https:\/\/espb.be\/wp-content\/uploads\/2022\/06\/Logo-federation-wallonie-bruxelles-1-276x300.png 276w\" sizes=\"(max-width: 736px) 100vw, 736px\" \/><\/figure>\n<\/div>\n<\/div>\n\n\n\n<p><\/p>\n","protected":false},"excerpt":{"rendered":"<p>Toutes les informations mentionn\u00e9es sur les diff\u00e9rentes pages de ce site sont rest\u00e9es pr\u00e9sentes pour archives. En effet, l&rsquo;ESPB a cess\u00e9 toute organisation de programme de formation en ao\u00fbt 2025. &#8230;<\/p>\n","protected":false},"author":1,"featured_media":0,"parent":0,"menu_order":0,"comment_status":"closed","ping_status":"closed","template":"","meta":{"footnotes":""},"_links":{"self":[{"href":"https:\/\/espb.be\/index.php?rest_route=\/wp\/v2\/pages\/12"}],"collection":[{"href":"https:\/\/espb.be\/index.php?rest_route=\/wp\/v2\/pages"}],"about":[{"href":"https:\/\/espb.be\/index.php?rest_route=\/wp\/v2\/types\/page"}],"author":[{"embeddable":true,"href":"https:\/\/espb.be\/index.php?rest_route=\/wp\/v2\/users\/1"}],"replies":[{"embeddable":true,"href":"https:\/\/espb.be\/index.php?rest_route=%2Fwp%2Fv2%2Fcomments&post=12"}],"version-history":[{"count":54,"href":"https:\/\/espb.be\/index.php?rest_route=\/wp\/v2\/pages\/12\/revisions"}],"predecessor-version":[{"id":726,"href":"https:\/\/espb.be\/index.php?rest_route=\/wp\/v2\/pages\/12\/revisions\/726"}],"wp:attachment":[{"href":"https:\/\/espb.be\/index.php?rest_route=%2Fwp%2Fv2%2Fmedia&parent=12"}],"curies":[{"name":"wp","href":"https:\/\/api.w.org\/{rel}","templated":true}]}}