{"id":191,"date":"2022-05-15T18:20:31","date_gmt":"2022-05-15T16:20:31","guid":{"rendered":"http:\/\/espb.be\/test\/?page_id=191"},"modified":"2026-03-31T10:58:12","modified_gmt":"2026-03-31T08:58:12","slug":"ressources-et-documents","status":"publish","type":"page","link":"https:\/\/espb.be\/?page_id=191","title":{"rendered":"Ressources et documents"},"content":{"rendered":"\n<figure class=\"wp-block-image size-large\"><img decoding=\"async\" src=\"https:\/\/espb.be\/wp-content\/uploads\/2022\/05\/ESPB5.jpg\" alt=\"\"\/><\/figure>\n\n\n\n<p><\/p>\n\n\n\n<p><strong><mark style=\"background-color:#ffffff\" class=\"has-inline-color has-vivid-cyan-blue-color\">Toutes les informations mentionn\u00e9es sur les diff\u00e9rentes pages de ce site sont rest\u00e9es pr\u00e9sentes pour archives. En effet, l&rsquo;ESPB a cess\u00e9 toute organisation de programme de formation en ao\u00fbt 2025.<\/mark><\/strong><\/p>\n\n\n\n<div style=\"height:0px\" aria-hidden=\"true\" class=\"wp-block-spacer\"><\/div>\n\n\n\n<h5 class=\"wp-block-heading\">Voici quelques exemples de Productions Int\u00e9gr\u00e9es (PI)<\/h5>\n\n\n\n<div class=\"wp-block-file\"><a id=\"wp-block-file--media-23cf7d10-7c3e-4a9a-9e1d-f009f0177882\" href=\"https:\/\/espb.be\/wp-content\/uploads\/2022\/06\/PI_Boogaerts.pdf\" target=\"_blank\" rel=\"noreferrer noopener\">\u00ab\u00a0Comment en 3<sup>\u00e8me<\/sup> maternelle, r\u00e9duire l&rsquo;impact des in\u00e9galit\u00e9s sociales ?\u00a0\u00bb &#8211; Genevi\u00e8ve BOOGAERTS &#8211; Juin 2016<\/a><a href=\"https:\/\/espb.be\/wp-content\/uploads\/2022\/06\/PI_Boogaerts.pdf\" class=\"wp-block-file__button wp-element-button\" download aria-describedby=\"wp-block-file--media-23cf7d10-7c3e-4a9a-9e1d-f009f0177882\">T\u00e9l\u00e9charger<\/a><\/div>\n\n\n\n<div class=\"wp-block-file\"><a id=\"wp-block-file--media-f11cdab9-d6bf-41f8-9ad1-a8d61f484d04\" href=\"https:\/\/espb.be\/wp-content\/uploads\/2022\/06\/PI_Gouverneur.pdf\" target=\"_blank\" rel=\"noreferrer noopener\">\u00ab\u00a0Pr\u00e9venir &#8211; Soutenir &#8211; Compenser. Vers une collaboration id\u00e9ale entre l&rsquo;enseignant et le ma\u00eetre de psychomotricit\u00e9\u00a0\u00bb &#8211; Justine CIOS-GOUVERNEUR &#8211; Juin 2016<\/a><a href=\"https:\/\/espb.be\/wp-content\/uploads\/2022\/06\/PI_Gouverneur.pdf\" class=\"wp-block-file__button wp-element-button\" download aria-describedby=\"wp-block-file--media-f11cdab9-d6bf-41f8-9ad1-a8d61f484d04\">T\u00e9l\u00e9charger<\/a><\/div>\n\n\n\n<p><\/p>\n\n\n\n<div class=\"wp-block-file\"><a id=\"wp-block-file--media-91525116-497f-42b7-a550-4b928e48269b\" href=\"https:\/\/espb.be\/wp-content\/uploads\/2022\/06\/PI_Hermans.pdf\" target=\"_blank\" rel=\"noreferrer noopener\">\u00ab\u00a0Comment enrichir ma d\u00e9marche d&rsquo;enseignement avec les apports de l&rsquo;orthop\u00e9dagogie ?\u00a0\u00bb &#8211; G\u00e9raldine HERMANS &#8211; Juin 2017<\/a><a href=\"https:\/\/espb.be\/wp-content\/uploads\/2022\/06\/PI_Hermans.pdf\" class=\"wp-block-file__button wp-element-button\" download aria-describedby=\"wp-block-file--media-91525116-497f-42b7-a550-4b928e48269b\">T\u00e9l\u00e9charger<\/a><\/div>\n\n\n\n<div class=\"wp-block-file\"><a id=\"wp-block-file--media-893c73b7-f8de-49f2-a13f-568a3a0246f7\" href=\"https:\/\/espb.be\/wp-content\/uploads\/2022\/06\/PI_Wautelet.pdf\" target=\"_blank\" rel=\"noreferrer noopener\">\u00ab\u00a0Pour une autre mani\u00e8re de concevoir les rituels en 3<sup>\u00e8me<\/sup> maternelle : quels apprentissages et quelle organisation ?\u00a0\u00bb &#8211; Ghislaine WAUTELET &#8211; Juin 2017<\/a><a href=\"https:\/\/espb.be\/wp-content\/uploads\/2022\/06\/PI_Wautelet.pdf\" class=\"wp-block-file__button wp-element-button\" download aria-describedby=\"wp-block-file--media-893c73b7-f8de-49f2-a13f-568a3a0246f7\">T\u00e9l\u00e9charger<\/a><\/div>\n\n\n\n<div class=\"wp-block-file\"><a id=\"wp-block-file--media-0fd369cc-445c-42cd-856f-50e712a85d5d\" href=\"https:\/\/espb.be\/wp-content\/uploads\/2022\/06\/PI_Bergmans.pdf\" target=\"_blank\" rel=\"noreferrer noopener\">\u00ab\u00a0Comment vivre la concertation dans l&rsquo;enseignement fondamental ?\u00a0\u00bb &#8211; Laetitia BERGMANS &#8211; Juin 2017<\/a><a href=\"https:\/\/espb.be\/wp-content\/uploads\/2022\/06\/PI_Bergmans.pdf\" class=\"wp-block-file__button wp-element-button\" download aria-describedby=\"wp-block-file--media-0fd369cc-445c-42cd-856f-50e712a85d5d\">T\u00e9l\u00e9charger<\/a><\/div>\n\n\n\n<div class=\"wp-block-file\"><a id=\"wp-block-file--media-dd384ea3-7465-413d-a1b8-e4439197e609\" href=\"https:\/\/espb.be\/wp-content\/uploads\/2022\/06\/PI_Declerfayt.pdf\" target=\"_blank\" rel=\"noreferrer noopener\">\u00ab\u00a0La diff\u00e9renciation en T8 : un outil concret pour aider \u00e0 planifier\u00a0\u00bb &#8211; H\u00e9l\u00e8ne DECLERFAYT &#8211; Juin 2017<\/a><a href=\"https:\/\/espb.be\/wp-content\/uploads\/2022\/06\/PI_Declerfayt.pdf\" class=\"wp-block-file__button wp-element-button\" download aria-describedby=\"wp-block-file--media-dd384ea3-7465-413d-a1b8-e4439197e609\">T\u00e9l\u00e9charger<\/a><\/div>\n\n\n\n<div class=\"wp-block-file\"><a id=\"wp-block-file--media-0c528d22-2e67-4b38-adfe-53ab7271859b\" href=\"https:\/\/espb.be\/wp-content\/uploads\/2022\/06\/PI_Zingone.pdf\" target=\"_blank\" rel=\"noreferrer noopener\">\u00ab\u00a0En quoi le corps est-il incontournable dans l&rsquo;apprentissage du graphisme au service de l&rsquo;\u00e9criture ?\u00a0\u00bb &#8211; Vanessa ZINGONE &#8211; Juin 2017<\/a><a href=\"https:\/\/espb.be\/wp-content\/uploads\/2022\/06\/PI_Zingone.pdf\" class=\"wp-block-file__button wp-element-button\" download aria-describedby=\"wp-block-file--media-0c528d22-2e67-4b38-adfe-53ab7271859b\">T\u00e9l\u00e9charger<\/a><\/div>\n\n\n\n<div class=\"wp-block-file\"><a id=\"wp-block-file--media-cefc4b12-9ee1-485a-b77c-d8004d29136f\" href=\"https:\/\/espb.be\/wp-content\/uploads\/2022\/06\/PI_Kympers.pdf\" target=\"_blank\" rel=\"noreferrer noopener\">\u00ab\u00a0Comment am\u00e9liorer l&rsquo;\u00e9coute des \u00e9l\u00e8ves de maternelle ?\u00a0\u00bb &#8211; Audrey KYMPERS &#8211; Septembre 2017<\/a><a href=\"https:\/\/espb.be\/wp-content\/uploads\/2022\/06\/PI_Kympers.pdf\" class=\"wp-block-file__button wp-element-button\" download aria-describedby=\"wp-block-file--media-cefc4b12-9ee1-485a-b77c-d8004d29136f\">T\u00e9l\u00e9charger<\/a><\/div>\n\n\n\n<div class=\"wp-block-file\"><a id=\"wp-block-file--media-dc6a1b1b-0ad0-41e7-8699-ea3fb7063fa5\" href=\"https:\/\/espb.be\/wp-content\/uploads\/2022\/06\/PI_Vandermeer.pdf\" target=\"_blank\" rel=\"noreferrer noopener\">\u00ab\u00a0Comment faire pour que les travaux \u00e0 domicile permettent \u00e0 l&rsquo;enfant d&rsquo;\u00eatre acteur autonome dans son m\u00e9tier d&rsquo;apprenant ?\u00a0\u00bb &#8211; Anne VANDERMEER &#8211; Septembre 2017<\/a><a href=\"https:\/\/espb.be\/wp-content\/uploads\/2022\/06\/PI_Vandermeer.pdf\" class=\"wp-block-file__button wp-element-button\" download aria-describedby=\"wp-block-file--media-dc6a1b1b-0ad0-41e7-8699-ea3fb7063fa5\">T\u00e9l\u00e9charger<\/a><\/div>\n\n\n\n<div class=\"wp-block-file\"><a id=\"wp-block-file--media-6ee832a3-bc2b-43d6-87ee-d3c849aebbe7\" href=\"https:\/\/espb.be\/wp-content\/uploads\/2022\/06\/PI_Janssen.pdf\" target=\"_blank\" rel=\"noreferrer noopener\">\u00ab\u00a0Comment permettre \u00e0 mes \u00e9l\u00e8ves de d\u00e9velopper leur potentiel cr\u00e9atif par l&rsquo;expression de leur(s) talent(s) ?\u00a0\u00bb &#8211; Christine JANSSEN &#8211; Juin 2018<\/a><a href=\"https:\/\/espb.be\/wp-content\/uploads\/2022\/06\/PI_Janssen.pdf\" class=\"wp-block-file__button wp-element-button\" download aria-describedby=\"wp-block-file--media-6ee832a3-bc2b-43d6-87ee-d3c849aebbe7\">T\u00e9l\u00e9charger<\/a><\/div>\n","protected":false},"excerpt":{"rendered":"<p>Toutes les informations mentionn\u00e9es sur les diff\u00e9rentes pages de ce site sont rest\u00e9es pr\u00e9sentes pour archives. En effet, l&rsquo;ESPB a cess\u00e9 toute organisation de programme de formation en ao\u00fbt 2025. &#8230;<\/p>\n","protected":false},"author":1,"featured_media":0,"parent":0,"menu_order":0,"comment_status":"closed","ping_status":"closed","template":"","meta":{"footnotes":""},"_links":{"self":[{"href":"https:\/\/espb.be\/index.php?rest_route=\/wp\/v2\/pages\/191"}],"collection":[{"href":"https:\/\/espb.be\/index.php?rest_route=\/wp\/v2\/pages"}],"about":[{"href":"https:\/\/espb.be\/index.php?rest_route=\/wp\/v2\/types\/page"}],"author":[{"embeddable":true,"href":"https:\/\/espb.be\/index.php?rest_route=\/wp\/v2\/users\/1"}],"replies":[{"embeddable":true,"href":"https:\/\/espb.be\/index.php?rest_route=%2Fwp%2Fv2%2Fcomments&post=191"}],"version-history":[{"count":22,"href":"https:\/\/espb.be\/index.php?rest_route=\/wp\/v2\/pages\/191\/revisions"}],"predecessor-version":[{"id":724,"href":"https:\/\/espb.be\/index.php?rest_route=\/wp\/v2\/pages\/191\/revisions\/724"}],"wp:attachment":[{"href":"https:\/\/espb.be\/index.php?rest_route=%2Fwp%2Fv2%2Fmedia&parent=191"}],"curies":[{"name":"wp","href":"https:\/\/api.w.org\/{rel}","templated":true}]}}