{"id":80,"date":"2022-05-12T21:09:03","date_gmt":"2022-05-12T19:09:03","guid":{"rendered":"http:\/\/espb.be\/test\/?page_id=80"},"modified":"2022-06-13T20:30:53","modified_gmt":"2022-06-13T18:30:53","slug":"philosophie-2","status":"publish","type":"page","link":"https:\/\/espb.be\/?page_id=80","title":{"rendered":"Philosophie"},"content":{"rendered":"\n<figure class=\"wp-block-image size-full\"><img loading=\"lazy\" decoding=\"async\" width=\"980\" height=\"325\" src=\"https:\/\/espb.be\/wp-content\/uploads\/2022\/06\/ESPB7-1.jpg\" alt=\"\" class=\"wp-image-501\" srcset=\"https:\/\/espb.be\/wp-content\/uploads\/2022\/06\/ESPB7-1.jpg 980w, https:\/\/espb.be\/wp-content\/uploads\/2022\/06\/ESPB7-1-300x99.jpg 300w, https:\/\/espb.be\/wp-content\/uploads\/2022\/06\/ESPB7-1-768x255.jpg 768w\" sizes=\"(max-width: 980px) 100vw, 980px\" \/><\/figure>\n\n\n\n<div style=\"height:20px\" aria-hidden=\"true\" class=\"wp-block-spacer\"><\/div>\n\n\n\n<div class=\"wp-block-buttons is-content-justification-center is-layout-flex wp-container-core-buttons-is-layout-1 wp-block-buttons-is-layout-flex\"><\/div>\n\n\n<nav style=\"color: #336699; font-size:14px;\" class=\"has-text-color is-responsive items-justified-center wp-block-navigation is-content-justification-center is-layout-flex wp-container-core-navigation-is-layout-1 wp-block-navigation-is-layout-flex\" aria-label=\"Sous-menu Pr\u00e9sentation\" \n\t\t data-wp-interactive=\"core\/navigation\" data-wp-context='{\"overlayOpenedBy\":{\"click\":false,\"hover\":false,\"focus\":false},\"type\":\"overlay\",\"roleAttribute\":\"\",\"ariaLabel\":\"Menu\"}'><button aria-haspopup=\"dialog\" aria-label=\"Ouvrir le menu\" class=\"wp-block-navigation__responsive-container-open \" \n\t\t\t\tdata-wp-on--click=\"actions.openMenuOnClick\"\n\t\t\t\tdata-wp-on--keydown=\"actions.handleMenuKeydown\"\n\t\t\t><svg width=\"24\" height=\"24\" xmlns=\"http:\/\/www.w3.org\/2000\/svg\" viewBox=\"0 0 24 24\" aria-hidden=\"true\" focusable=\"false\"><rect x=\"4\" y=\"7.5\" width=\"16\" height=\"1.5\" \/><rect x=\"4\" y=\"15\" width=\"16\" height=\"1.5\" \/><\/svg><\/button>\n\t\t\t\t<div class=\"wp-block-navigation__responsive-container  \" style=\"\" id=\"modal-1\" \n\t\t\t\tdata-wp-class--has-modal-open=\"state.isMenuOpen\"\n\t\t\t\tdata-wp-class--is-menu-open=\"state.isMenuOpen\"\n\t\t\t\tdata-wp-watch=\"callbacks.initMenu\"\n\t\t\t\tdata-wp-on--keydown=\"actions.handleMenuKeydown\"\n\t\t\t\tdata-wp-on--focusout=\"actions.handleMenuFocusout\"\n\t\t\t\ttabindex=\"-1\"\n\t\t\t>\n\t\t\t\t\t<div class=\"wp-block-navigation__responsive-close\" tabindex=\"-1\">\n\t\t\t\t\t\t<div class=\"wp-block-navigation__responsive-dialog\" \n\t\t\t\tdata-wp-bind--aria-modal=\"state.ariaModal\"\n\t\t\t\tdata-wp-bind--aria-label=\"state.ariaLabel\"\n\t\t\t\tdata-wp-bind--role=\"state.roleAttribute\"\n\t\t\t>\n\t\t\t\t\t\t\t<button aria-label=\"Fermer le menu\" class=\"wp-block-navigation__responsive-container-close\" \n\t\t\t\tdata-wp-on--click=\"actions.closeMenuOnClick\"\n\t\t\t><svg xmlns=\"http:\/\/www.w3.org\/2000\/svg\" viewBox=\"0 0 24 24\" width=\"24\" height=\"24\" aria-hidden=\"true\" focusable=\"false\"><path d=\"M13 11.8l6.1-6.3-1-1-6.1 6.2-6.1-6.2-1 1 6.1 6.3-6.5 6.7 1 1 6.5-6.6 6.5 6.6 1-1z\"><\/path><\/svg><\/button>\n\t\t\t\t\t\t\t<div class=\"wp-block-navigation__responsive-container-content\" \n\t\t\t\tdata-wp-watch=\"callbacks.focusFirstElement\"\n\t\t\t id=\"modal-1-content\">\n\t\t\t\t\t\t\t\t<ul style=\"color: #336699; font-size:14px;\" class=\"wp-block-navigation__container has-text-color is-responsive items-justified-center wp-block-navigation\"><li style=\"font-size: 14px;\" class=\" wp-block-navigation-item wp-block-navigation-link\"><a class=\"wp-block-navigation-item__content\"  href=\"https:\/\/espb.be\/?page_id=117\"><span class=\"wp-block-navigation-item__label\"><strong>Pr\u00e9sentation<\/strong><\/span><\/a><\/li><li style=\"font-size: 14px;\" class=\" wp-block-navigation-item wp-block-navigation-link\"><a class=\"wp-block-navigation-item__content\"  href=\"https:\/\/espb.be\/?page_id=80\"><span class=\"wp-block-navigation-item__label\"><strong>Philosophie<\/strong><\/span><\/a><\/li><li style=\"font-size: 14px;\" class=\" wp-block-navigation-item wp-block-navigation-link\"><a class=\"wp-block-navigation-item__content\"  href=\"https:\/\/espb.be\/?page_id=119\"><span class=\"wp-block-navigation-item__label\"><strong>Programme<\/strong><\/span><\/a><\/li><li style=\"font-size: 14px;\" class=\" wp-block-navigation-item wp-block-navigation-link\"><a class=\"wp-block-navigation-item__content\"  href=\"https:\/\/espb.be\/?page_id=443\"><span class=\"wp-block-navigation-item__label\"><strong>T\u00e9moignages<\/strong><\/span><\/a><\/li><\/ul>\n\t\t\t\t\t\t\t<\/div>\n\t\t\t\t\t\t<\/div>\n\t\t\t\t\t<\/div>\n\t\t\t\t<\/div><\/nav>\n\n\n<div style=\"height:25px\" aria-hidden=\"true\" class=\"wp-block-spacer\"><\/div>\n\n\n\n<h3 class=\"wp-block-heading\">Une formation modularis\u00e9e<\/h3>\n\n\n\n<p>L\u2019<strong>ESPB<\/strong> propose un programme modularis\u00e9 qui permet \u00e0 l\u2019\u00e9tudiant d\u2019organiser sa formation en fonction de son projet, de ses centres d\u2019int\u00e9r\u00eat et de sa disponibilit\u00e9. Des modules longs sont programm\u00e9s sur 10 soir\u00e9es de 3 heures. Des modules courts sont programm\u00e9s sur 5 soir\u00e9es de 3 heures.<br>\u00c0 l&rsquo;issue de chaque module, une \u00e9valuation est organis\u00e9e sous forme d&rsquo;un ancrage dont les consignes sont \u00e9mises par le.s formateur.s.<br>La formation s\u2019articule autour de quatre axes fondamentaux&nbsp;: l&rsquo;axe didactique, l&rsquo;axe p\u00e9dagogique, l&rsquo;axe relationnel et de d\u00e9veloppement personnel, l&rsquo;axe institutionnel et soci\u00e9tal. Le logo de l&rsquo;<strong>ESPB<\/strong> fait r\u00e9f\u00e9rence \u00e0 ces 4 axes.<\/p>\n\n\n\n<div style=\"height:10px\" aria-hidden=\"true\" class=\"wp-block-spacer\"><\/div>\n\n\n\n<h3 class=\"wp-block-heading\">\u00c9tudiant dit r\u00e9gulier<\/h3>\n\n\n\n<p>L\u2019\u00e9tudiant r\u00e9gulier souhaite effectuer une r\u00e9flexion en profondeur qui porte sur diff\u00e9rents aspects du m\u00e9tier d\u2019enseignant et qui vise l\u2019int\u00e9gration des savoirs et des savoir-faire et l\u2019articulation entre la th\u00e9orie et la pratique professionnelle.<br>L\u2019\u00e9tudiant r\u00e9gulier s\u2019inscrit dans un cycle complet qui comporte 540 heures (l\u2019\u00e9quivalent de 18 modules longs) et qui comprend au minimum deux modules dans chaque axe.&nbsp;&nbsp;<br>Le cycle peut \u00eatre organis\u00e9 sur une p\u00e9riode de trois ans (au minimum) \u00e0 six ans (au maximum).&nbsp;&nbsp;<br>Il se compose de trois \u00e9tapes comportant chacune 180 heures de formation (l&rsquo;\u00e9quivalent de 6 modules longs). La certification de ce cursus se base sur les ancrages r\u00e9alis\u00e9s \u00e0 l&rsquo;issue de chacun des modules suivis et sur un travail \u00e9crit et oral, appel\u00e9 Production Int\u00e9gr\u00e9e (PI), et qui est \u00e9volutif sur les trois \u00e9tapes.<br>Chaque \u00e9tape fait l\u2019objet d\u2019une \u00e9valuation et d\u00e9bouche sur l\u2019octroi&nbsp;:<\/p>\n\n\n\n<ul><li>D\u2019une attestation au terme de la premi\u00e8re \u00e9tape.<\/li><li>Du Certificat d\u2019\u00c9tudes Sup\u00e9rieures en P\u00e9dagogie au terme de la deuxi\u00e8me \u00e9tape.<\/li><li>Du Dipl\u00f4me d\u2019\u00c9tudes Sup\u00e9rieures en P\u00e9dagogie au terme de la troisi\u00e8me \u00e9tape.<\/li><\/ul>\n\n\n\n<div class=\"wp-block-file\"><a id=\"wp-block-file--media-efdacd14-a4c3-41be-ba28-608d714ae30d\" href=\"https:\/\/espb.be\/wp-content\/uploads\/2022\/06\/formation_complementaire_meconnue_revue_Prof_43.pdf\" target=\"_blank\" rel=\"noreferrer noopener\">Un article&nbsp;\u00e0 d\u00e9couvrir et paru dans la revue PROF &#8211; n\u00b043<\/a><a href=\"https:\/\/espb.be\/wp-content\/uploads\/2022\/06\/formation_complementaire_meconnue_revue_Prof_43.pdf\" class=\"wp-block-file__button\" download aria-describedby=\"wp-block-file--media-efdacd14-a4c3-41be-ba28-608d714ae30d\">T\u00e9l\u00e9charger<\/a><\/div>\n\n\n\n<div style=\"height:10px\" aria-hidden=\"true\" class=\"wp-block-spacer\"><\/div>\n\n\n\n<h3 class=\"wp-block-heading\">\u00c9tudiant dit libre<\/h3>\n\n\n\n<p>L\u2019\u00e9tudiant libre souhaite mener une r\u00e9flexion sp\u00e9cifique sur un ou plusieurs aspects particuliers du m\u00e9tier d\u2019enseignant.&nbsp;&nbsp;<br>Il choisit un ou plusieurs modules et recevra une attestation de fr\u00e9quentation et\/ou de r\u00e9ussite pour chacun des modules suivis.<br>Il peut, s\u2019il le souhaite, s\u2019inscrire comme \u00e9tudiant r\u00e9gulier \u00e0 condition d\u2019avoir pr\u00e9sent\u00e9 l\u2019ancrage des modules suivis pr\u00e9c\u00e9demment.<\/p>\n","protected":false},"excerpt":{"rendered":"<p>Une formation modularis\u00e9e L\u2019ESPB propose un programme modularis\u00e9 qui permet \u00e0 l\u2019\u00e9tudiant d\u2019organiser sa formation en fonction de son projet, de ses centres d\u2019int\u00e9r\u00eat et de sa disponibilit\u00e9. Des modules &#8230;<\/p>\n","protected":false},"author":1,"featured_media":0,"parent":0,"menu_order":0,"comment_status":"closed","ping_status":"closed","template":"","meta":{"footnotes":""},"_links":{"self":[{"href":"https:\/\/espb.be\/index.php?rest_route=\/wp\/v2\/pages\/80"}],"collection":[{"href":"https:\/\/espb.be\/index.php?rest_route=\/wp\/v2\/pages"}],"about":[{"href":"https:\/\/espb.be\/index.php?rest_route=\/wp\/v2\/types\/page"}],"author":[{"embeddable":true,"href":"https:\/\/espb.be\/index.php?rest_route=\/wp\/v2\/users\/1"}],"replies":[{"embeddable":true,"href":"https:\/\/espb.be\/index.php?rest_route=%2Fwp%2Fv2%2Fcomments&post=80"}],"version-history":[{"count":17,"href":"https:\/\/espb.be\/index.php?rest_route=\/wp\/v2\/pages\/80\/revisions"}],"predecessor-version":[{"id":528,"href":"https:\/\/espb.be\/index.php?rest_route=\/wp\/v2\/pages\/80\/revisions\/528"}],"wp:attachment":[{"href":"https:\/\/espb.be\/index.php?rest_route=%2Fwp%2Fv2%2Fmedia&parent=80"}],"curies":[{"name":"wp","href":"https:\/\/api.w.org\/{rel}","templated":true}]}}